{"id":582,"date":"2026-02-20T11:53:07","date_gmt":"2026-02-20T11:53:07","guid":{"rendered":"https:\/\/www.epopeiastudio.com\/?page_id=582"},"modified":"2026-03-27T08:55:31","modified_gmt":"2026-03-27T08:55:31","slug":"contact","status":"publish","type":"page","link":"https:\/\/www.epopeiastudio.com\/en\/contacto\/","title":{"rendered":"Contact : Epopeia Studio"},"content":{"rendered":"<p>[et_pb_section fb_built=\u00bb1&#8243; _builder_version=\u00bb4.27.5&#8243; _module_preset=\u00bbdefault\u00bb background_color=\u00bbRGBA(255,255,255,0)\u00bb background_enable_image=\u00bboff\u00bb background_size=\u00bbcontain\u00bb background_position=\u00bbcenter_right\u00bb background_horizontal_offset=\u00bb38%\u00bb custom_padding=\u00bb||||false|false\u00bb background_color_phone=\u00bbrgba(0,0,0,0.65)\u00bb background_last_edited=\u00bbon|phone\u00bb background_enable_color_phone=\u00bbon\u00bb parallax_phone=\u00bboff\u00bb background_size_phone=\u00bbcustom\u00bb background_image_width_phone=\u00bb90%\u00bb background_image_height_phone=\u00bb100%\u00bb background_horizontal_offset_phone=\u00bb-100%\u00bb background_blend_phone=\u00bbmultiply\u00bb global_colors_info=\u00bb{}\u00bb][et_pb_row column_structure=\u00bb3_5,2_5&#8243; _builder_version=\u00bb4.27.5&#8243; _module_preset=\u00bbdefault\u00bb custom_padding=\u00bb||0px|||\u00bb custom_css_free_form=\u00bb\/* TEST: forzar altura y que se vea *\/||selector{|| max-height: 400px !important;||}\u00bb global_colors_info=\u00bb{}\u00bb][et_pb_column type=\u00bb3_5&#8243; _builder_version=\u00bb4.27.5&#8243; _module_preset=\u00bbdefault\u00bb global_colors_info=\u00bb{}\u00bb][et_pb_text _builder_version=\u00bb4.27.6&#8243; _module_preset=\u00bbdefault\u00bb header_text_color=\u00bb#E09900&#8243; hover_enabled=\u00bb0&#8243; global_colors_info=\u00bb{}\u00bb header_font_size_last_edited=\u00bbon|phone\u00bb sticky_enabled=\u00bb0&#8243; header_font_size_phone=\u00bb28px\u00bb]<\/p>\n<h1>Cu\u00e9ntanos tu proyecto<\/h1>\n<p>[\/et_pb_text][et_pb_text _builder_version=\u00bb4.27.6&#8243; _module_preset=\u00bbdefault\u00bb text_text_color=\u00bb#FFFFFF\u00bb hover_enabled=\u00bb0&#8243; global_colors_info=\u00bb{}\u00bb text_font_size_last_edited=\u00bbon|phone\u00bb sticky_enabled=\u00bb0&#8243;]<\/p>\n<p>Cada proyecto de <a href=\"https:\/\/www.epopeiastudio.com\/\">reconstrucci\u00f3n hist\u00f3rica audiovisual<\/a> es distinto. Puede partir de una idea clara o de una pregunta a\u00fan por resolver.<\/p>\n<p>Si est\u00e1s trabajando en un proyecto para un museo, una exposici\u00f3n, un aula o una producci\u00f3n audiovisual propia y necesitas apoyo audiovisual riguroso, este es tu lugar.<\/p>\n<p>Estudiaremos tu propuesta para valorar su viabilidad, definir el enfoque hist\u00f3rico m\u00e1s adecuado y determinar el formato audiovisual que mejor se adapte a su uso final. Te asesoraremos y te diremos c\u00f3mo podemos darle forma.<\/p>\n<p>No importa si la idea est\u00e1 completamente definida o se encuentra en una fase inicial. Puedes consultarnos sin compromiso.<\/p>\n<p>[\/et_pb_text][\/et_pb_column][et_pb_column type=\u00bb2_5&#8243; _builder_version=\u00bb4.27.5&#8243; _module_preset=\u00bbdefault\u00bb global_colors_info=\u00bb{}\u00bb][et_pb_image src=\u00bbhttps:\/\/www.epopeiastudio.com\/wp-content\/uploads\/2026\/02\/Epopeia-capitan-ingles-sextante.webp\u00bb title_text=\u00bbEpopeia-capitan-ingles-sextante\u00bb _builder_version=\u00bb4.27.5&#8243; _module_preset=\u00bbdefault\u00bb width=\u00bb83%\u00bb global_colors_info=\u00bb{}\u00bb][\/et_pb_image][\/et_pb_column][\/et_pb_row][\/et_pb_section][et_pb_section fb_built=\u00bb1&#8243; _builder_version=\u00bb4.27.5&#8243; _module_preset=\u00bbdefault\u00bb background_color=\u00bbRGBA(255,255,255,0)\u00bb custom_padding=\u00bb4px|||||\u00bb global_colors_info=\u00bb{}\u00bb][et_pb_row _builder_version=\u00bb4.27.5&#8243; _module_preset=\u00bbdefault\u00bb custom_margin=\u00bb||||false|false\u00bb custom_padding=\u00bb||||false|false\u00bb global_colors_info=\u00bb{}\u00bb][et_pb_column type=\u00bb4_4&#8243; _builder_version=\u00bb4.27.5&#8243; _module_preset=\u00bbdefault\u00bb global_colors_info=\u00bb{}\u00bb][et_pb_text _builder_version=\u00bb4.27.6&#8243; _module_preset=\u00bbdefault\u00bb header_text_color=\u00bb#E09900&#8243; header_2_text_color=\u00bb#E09900&#8243; custom_margin=\u00bb||0px||false|false\u00bb hover_enabled=\u00bb0&#8243; global_colors_info=\u00bb{}\u00bb sticky_enabled=\u00bb0&#8243; header_2_font_size_last_edited=\u00bbon|phone\u00bb header_2_font_size_phone=\u00bb24px\u00bb]<\/p>\n<h2>Formulario de contacto<\/h2>\n<p>[\/et_pb_text][et_pb_text _builder_version=\u00bb4.27.6&#8243; _module_preset=\u00bbdefault\u00bb text_text_color=\u00bb#FFFFFF\u00bb hover_enabled=\u00bb0&#8243; global_colors_info=\u00bb{}\u00bb text_font_size_last_edited=\u00bbon|desktop\u00bb sticky_enabled=\u00bb0&#8243;]<\/p>\n<p><em>Datos de contacto e informaci\u00f3n sobre el proyecto<\/em><\/p>\n<p>[\/et_pb_text][et_pb_contact_form email=\u00bbinfo@epopeiastudio.com\u00bb custom_message=\u00bbHas recibido una nueva solicitud desde el formulario:||et_pb_line_break_holder||||et_pb_line_break_holder||Nombre: %%Name%%||et_pb_line_break_holder||Email: %%Email%%||et_pb_line_break_holder||Selector 01: %%Selector01%%||et_pb_line_break_holder||Selector 02: %%Selector02%%||et_pb_line_break_holder||Selector 03: %%Selector03%%||et_pb_line_break_holder||||et_pb_line_break_holder||Mensaje:||et_pb_line_break_holder||%%Mensaje%%||et_pb_line_break_holder||||et_pb_line_break_holder||Acepta pol\u00edtica de privacidad: %%privacidad%%||et_pb_line_break_holder||\u00bb submit_button_text=\u00bbEnviar propuesta\u00bb module_class=\u00bbcontacto-home\u00bb _builder_version=\u00bb4.27.5&#8243; _module_preset=\u00bbdefault\u00bb _unique_id=\u00bbcaf59dc7-3b2b-414d-8268-3f1843fcaf68&#8243; form_field_background_color=\u00bbRGBA(255,255,255,0)\u00bb form_field_text_color=\u00bb#E09900&#8243; form_field_focus_background_color=\u00bb#FFFFFF\u00bb form_field_focus_text_color=\u00bb#E09900&#8243; captcha_text_color=\u00bb#E09900&#8243; custom_button=\u00bbon\u00bb button_text_color=\u00bb#000000&#8243; button_bg_color=\u00bb#E09900&#8243; button_border_color=\u00bb#E09900&#8243; button_border_radius=\u00bb66px\u00bb button_text_size_tablet=\u00bb\u00bb button_text_size_phone=\u00bb18px\u00bb button_text_size_last_edited=\u00bbon|phone\u00bb custom_css_free_form=\u00bb\/* 1) Ocultar la flecha que a\u00f1ade Divi (pseudo-elemento) *\/||selector .et_pb_contact_field:after,||selector .et_pb_contact_field:before{|| content: none !important;|| display: none !important;||}||||\/* 2) Quitar flecha nativa del navegador *\/||selector .et_pb_contact_field select{|| -webkit-appearance: none !important;|| -moz-appearance: none !important;|| appearance: none !important;|| background-image: none !important;|| padding-right: 48px !important;||}||||\/* IE viejo *\/||selector .et_pb_contact_field select::-ms-expand{ display:none; }||||\/* 3) Poner TU flecha (SVG) *\/||selector .et_pb_contact_field select{|| background-image: url(%22data:image\/svg+xml,%3Csvg xmlns=&#8217;http:\/\/www.w3.org\/2000\/svg&#8217; width=&#8217;18&#8217; height=&#8217;18&#8217; viewBox=&#8217;0 0 24 24&#8217;%3E%3Cpath fill=&#8217;%23f59a00&#8242; d=&#8217;M7 10l5 5 5-5z&#8217;\/%3E%3C\/svg%3E%22) !important;|| background-repeat: no-repeat !important;|| background-position: right 16px center !important;|| background-size: 18px 18px !important;||}||\u00bb border_width_all=\u00bb1px\u00bb border_color_all=\u00bb#E09900&#8243; global_colors_info=\u00bb{}\u00bb][et_pb_contact_field field_id=\u00bbName\u00bb field_title=\u00bbNombre\u00bb _builder_version=\u00bb4.27.5&#8243; global_colors_info=\u00bb{}\u00bb button_text_size__hover_enabled=\u00bboff\u00bb button_one_text_size__hover_enabled=\u00bboff\u00bb button_two_text_size__hover_enabled=\u00bboff\u00bb button_text_color__hover_enabled=\u00bboff\u00bb button_one_text_color__hover_enabled=\u00bboff\u00bb button_two_text_color__hover_enabled=\u00bboff\u00bb button_border_width__hover_enabled=\u00bboff\u00bb button_one_border_width__hover_enabled=\u00bboff\u00bb button_two_border_width__hover_enabled=\u00bboff\u00bb button_border_color__hover_enabled=\u00bboff\u00bb button_one_border_color__hover_enabled=\u00bboff\u00bb button_two_border_color__hover_enabled=\u00bboff\u00bb button_border_radius__hover_enabled=\u00bboff\u00bb button_one_border_radius__hover_enabled=\u00bboff\u00bb button_two_border_radius__hover_enabled=\u00bboff\u00bb button_letter_spacing__hover_enabled=\u00bboff\u00bb button_one_letter_spacing__hover_enabled=\u00bboff\u00bb button_two_letter_spacing__hover_enabled=\u00bboff\u00bb button_bg_color__hover_enabled=\u00bboff\u00bb button_one_bg_color__hover_enabled=\u00bboff\u00bb button_two_bg_color__hover_enabled=\u00bboff\u00bb][\/et_pb_contact_field][et_pb_contact_field field_id=\u00bbEmail\u00bb field_title=\u00bbDirecci\u00f3n de correo electr\u00f3nico\u00bb field_type=\u00bbemail\u00bb _builder_version=\u00bb4.16&#8243; global_colors_info=\u00bb{}\u00bb button_text_size__hover_enabled=\u00bboff\u00bb button_one_text_size__hover_enabled=\u00bboff\u00bb button_two_text_size__hover_enabled=\u00bboff\u00bb button_text_color__hover_enabled=\u00bboff\u00bb button_one_text_color__hover_enabled=\u00bboff\u00bb button_two_text_color__hover_enabled=\u00bboff\u00bb button_border_width__hover_enabled=\u00bboff\u00bb button_one_border_width__hover_enabled=\u00bboff\u00bb button_two_border_width__hover_enabled=\u00bboff\u00bb button_border_color__hover_enabled=\u00bboff\u00bb button_one_border_color__hover_enabled=\u00bboff\u00bb button_two_border_color__hover_enabled=\u00bboff\u00bb button_border_radius__hover_enabled=\u00bboff\u00bb button_one_border_radius__hover_enabled=\u00bboff\u00bb button_two_border_radius__hover_enabled=\u00bboff\u00bb button_letter_spacing__hover_enabled=\u00bboff\u00bb button_one_letter_spacing__hover_enabled=\u00bboff\u00bb button_two_letter_spacing__hover_enabled=\u00bboff\u00bb button_bg_color__hover_enabled=\u00bboff\u00bb button_one_bg_color__hover_enabled=\u00bboff\u00bb button_two_bg_color__hover_enabled=\u00bboff\u00bb][\/et_pb_contact_field][et_pb_contact_field field_id=\u00bbSelector01&#8243; field_title=\u00bbQu\u00e9 te gustar\u00eda reconstruir\u00bb field_type=\u00bbselect\u00bb select_options=\u00bb%91{%22value%22:%22Acontecimiento%22,%22checked%22:0,%22dragID%22:-1},{%22value%22:%22\u00c9poca%22,%22checked%22:0,%22dragID%22:0},{%22value%22:%22Lugar%22,%22checked%22:0,%22dragID%22:1},{%22value%22:%22Personaje%22,%22checked%22:0,%22dragID%22:2},{%22value%22:%22Objeto%22,%22checked%22:0,%22dragID%22:3},{%22value%22:%22Otro%22,%22checked%22:0,%22dragID%22:4}%93&#8243; fullwidth_field=\u00bbon\u00bb _builder_version=\u00bb4.27.5&#8243; _module_preset=\u00bbdefault\u00bb global_colors_info=\u00bb{}\u00bb][\/et_pb_contact_field][et_pb_contact_field field_id=\u00bbSelector02&#8243; field_title=\u00bbPara qu\u00e9 se utilizar\u00e1\u00bb field_type=\u00bbselect\u00bb select_options=\u00bb%91{%22value%22:%22Museo o centro patrimonial%22,%22checked%22:0,%22dragID%22:-1},{%22value%22:%22Exposici\u00f3n%22,%22checked%22:0,%22dragID%22:0},{%22value%22:%22Centro educativo o universidad%22,%22checked%22:0,%22dragID%22:1},{%22value%22:%22Divulgaci\u00f3n%22,%22checked%22:0,%22dragID%22:2},{%22value%22:%22Audiovisual%22,%22checked%22:0,%22dragID%22:3},{%22value%22:%22Otro%22,%22checked%22:0,%22dragID%22:4}%93&#8243; fullwidth_field=\u00bbon\u00bb _builder_version=\u00bb4.27.5&#8243; _module_preset=\u00bbdefault\u00bb global_colors_info=\u00bb{}\u00bb][\/et_pb_contact_field][et_pb_contact_field field_id=\u00bbSelector03&#8243; field_title=\u00bbFormato que tienes en mente\u00bb field_type=\u00bbselect\u00bb select_options=\u00bb%91{%22value%22:%22Im\u00e1genes%22,%22checked%22:0,%22dragID%22:-1},{%22value%22:%22Videos%22,%22checked%22:0,%22dragID%22:0},{%22value%22:%22Secuencias animadas%22,%22checked%22:0,%22dragID%22:1},{%22value%22:%22A\u00fan no lo tengo definido%22,%22checked%22:0,%22dragID%22:2}%93&#8243; fullwidth_field=\u00bbon\u00bb _builder_version=\u00bb4.27.5&#8243; _module_preset=\u00bbdefault\u00bb global_colors_info=\u00bb{}\u00bb][\/et_pb_contact_field][et_pb_contact_field field_id=\u00bbMensaje\u00bb field_title=\u00bbCualquier informaci\u00f3n adicional nos ayudar\u00e1 a entender mejor el proyecto.\u00bb field_type=\u00bbtext\u00bb fullwidth_field=\u00bbon\u00bb _builder_version=\u00bb4.27.5&#8243; _module_preset=\u00bbdefault\u00bb global_colors_info=\u00bb{}\u00bb][\/et_pb_contact_field][et_pb_contact_field field_id=\u00bbprivacidad\u00bb field_title=\u00bbPol\u00edtica de privacidad\u00bb field_type=\u00bbcheckbox\u00bb checkbox_options=\u00bb%91{%22value%22:%22Acepto la pol\u00edtica de privacidad%22,%22checked%22:0,%22dragID%22:-1}%93&#8243; fullwidth_field=\u00bbon\u00bb _builder_version=\u00bb4.27.5&#8243; _module_preset=\u00bbdefault\u00bb global_colors_info=\u00bb{}\u00bb][\/et_pb_contact_field][\/et_pb_contact_form][\/et_pb_column][\/et_pb_row][\/et_pb_section]<\/p>\n","protected":false},"excerpt":{"rendered":"<p>Cu\u00e9ntanos tu proyectoCada proyecto de reconstrucci\u00f3n hist\u00f3rica audiovisual es distinto. Puede partir de una idea clara o de una pregunta a\u00fan por resolver. Si est\u00e1s trabajando en un proyecto para un museo, una exposici\u00f3n, un aula o una producci\u00f3n audiovisual propia y necesitas apoyo audiovisual riguroso, este es tu lugar. Estudiaremos tu propuesta para valorar [&hellip;]<\/p>\n","protected":false},"author":1,"featured_media":0,"parent":0,"menu_order":0,"comment_status":"closed","ping_status":"closed","template":"","meta":{"_et_pb_use_builder":"on","_et_pb_old_content":"","_et_gb_content_width":"","footnotes":""},"class_list":["post-582","page","type-page","status-publish","hentry"],"yoast_head":"<!-- This site is optimized with the Yoast SEO Premium plugin v27.3 (Yoast SEO v27.4) - https:\/\/yoast.com\/product\/yoast-seo-premium-wordpress\/ -->\n<title>Contacto | Epopeia Studio<\/title>\n<meta name=\"description\" content=\"Cu\u00e9ntanos qu\u00e9 parte de la historia quieres reconstruir. Estudiamos tu proyecto y te asesoramos sin compromiso.\" \/>\n<meta name=\"robots\" content=\"index, follow, max-snippet:-1, max-image-preview:large, max-video-preview:-1\" \/>\n<link rel=\"canonical\" href=\"https:\/\/www.epopeiastudio.com\/en\/contact\/\" \/>\n<meta property=\"og:locale\" content=\"en_GB\" \/>\n<meta property=\"og:type\" content=\"article\" \/>\n<meta property=\"og:title\" content=\"Contacto | Epopeia Studio\" \/>\n<meta property=\"og:description\" content=\"Cu\u00e9ntanos qu\u00e9 parte de la historia quieres reconstruir. Estudiamos tu proyecto y te asesoramos sin compromiso.\" \/>\n<meta property=\"og:url\" content=\"https:\/\/www.epopeiastudio.com\/en\/contact\/\" \/>\n<meta property=\"og:site_name\" content=\"Epopeia Studio\" \/>\n<meta property=\"article:modified_time\" content=\"2026-03-27T08:55:31+00:00\" \/>\n<meta name=\"twitter:card\" content=\"summary_large_image\" \/>\n<meta name=\"twitter:label1\" content=\"Estimated reading time\" \/>\n\t<meta name=\"twitter:data1\" content=\"2 minutes\" \/>\n<script type=\"application\/ld+json\" class=\"yoast-schema-graph\">{\"@context\":\"https:\\\/\\\/schema.org\",\"@graph\":[{\"@type\":[\"WebPage\",\"ContactPage\"],\"@id\":\"https:\\\/\\\/www.epopeiastudio.com\\\/contacto\\\/\",\"url\":\"https:\\\/\\\/www.epopeiastudio.com\\\/contacto\\\/\",\"name\":\"Contacto | Epopeia Studio\",\"isPartOf\":{\"@id\":\"https:\\\/\\\/www.epopeiastudio.com\\\/#website\"},\"datePublished\":\"2026-02-20T11:53:07+00:00\",\"dateModified\":\"2026-03-27T08:55:31+00:00\",\"description\":\"Cu\u00e9ntanos qu\u00e9 parte de la historia quieres reconstruir. Estudiamos tu proyecto y te asesoramos sin compromiso.\",\"breadcrumb\":{\"@id\":\"https:\\\/\\\/www.epopeiastudio.com\\\/contacto\\\/#breadcrumb\"},\"inLanguage\":\"en-GB\",\"potentialAction\":[{\"@type\":\"ReadAction\",\"target\":[\"https:\\\/\\\/www.epopeiastudio.com\\\/contacto\\\/\"]}]},{\"@type\":\"BreadcrumbList\",\"@id\":\"https:\\\/\\\/www.epopeiastudio.com\\\/contacto\\\/#breadcrumb\",\"itemListElement\":[{\"@type\":\"ListItem\",\"position\":1,\"name\":\"Home\",\"item\":\"https:\\\/\\\/www.epopeiastudio.com\\\/\"},{\"@type\":\"ListItem\",\"position\":2,\"name\":\"Contacto | Epopeia Studio\"}]},{\"@type\":\"WebSite\",\"@id\":\"https:\\\/\\\/www.epopeiastudio.com\\\/#website\",\"url\":\"https:\\\/\\\/www.epopeiastudio.com\\\/\",\"name\":\"Epopeia Studio\",\"description\":\"Hacemos tangible la historia. Reconstrucci\u00f3n hist\u00f3rica audiovisual con rigor y validaci\u00f3n de especialistas para museos, educaci\u00f3n y proyectos culturales.\",\"publisher\":{\"@id\":\"https:\\\/\\\/www.epopeiastudio.com\\\/#organization\"},\"potentialAction\":[{\"@type\":\"SearchAction\",\"target\":{\"@type\":\"EntryPoint\",\"urlTemplate\":\"https:\\\/\\\/www.epopeiastudio.com\\\/?s={search_term_string}\"},\"query-input\":{\"@type\":\"PropertyValueSpecification\",\"valueRequired\":true,\"valueName\":\"search_term_string\"}}],\"inLanguage\":\"en-GB\"},{\"@type\":\"Organization\",\"@id\":\"https:\\\/\\\/www.epopeiastudio.com\\\/#organization\",\"name\":\"Epopeia Studio\",\"url\":\"https:\\\/\\\/www.epopeiastudio.com\\\/\",\"logo\":{\"@type\":\"ImageObject\",\"inLanguage\":\"en-GB\",\"@id\":\"https:\\\/\\\/www.epopeiastudio.com\\\/#\\\/schema\\\/logo\\\/image\\\/\",\"url\":\"https:\\\/\\\/www.epopeiastudio.com\\\/wp-content\\\/uploads\\\/2026\\\/02\\\/logotipo_Epopeia_negro.png\",\"contentUrl\":\"https:\\\/\\\/www.epopeiastudio.com\\\/wp-content\\\/uploads\\\/2026\\\/02\\\/logotipo_Epopeia_negro.png\",\"width\":168,\"height\":202,\"caption\":\"Epopeia Studio\"},\"image\":{\"@id\":\"https:\\\/\\\/www.epopeiastudio.com\\\/#\\\/schema\\\/logo\\\/image\\\/\"}}]}<\/script>\n<!-- \/ Yoast SEO Premium plugin. -->","yoast_head_json":{"title":"Contact : Epopeia Studio","description":"Tell us what part of history you want to reconstruct. We will study your project and advise you without obligation.","robots":{"index":"index","follow":"follow","max-snippet":"max-snippet:-1","max-image-preview":"max-image-preview:large","max-video-preview":"max-video-preview:-1"},"canonical":"https:\/\/www.epopeiastudio.com\/en\/contact\/","og_locale":"en_GB","og_type":"article","og_title":"Contacto | Epopeia Studio","og_description":"Cu\u00e9ntanos qu\u00e9 parte de la historia quieres reconstruir. Estudiamos tu proyecto y te asesoramos sin compromiso.","og_url":"https:\/\/www.epopeiastudio.com\/en\/contact\/","og_site_name":"Epopeia Studio","article_modified_time":"2026-03-27T08:55:31+00:00","twitter_card":"summary_large_image","twitter_misc":{"Estimated reading time":"2 minutes"},"schema":{"@context":"https:\/\/schema.org","@graph":[{"@type":["WebPage","ContactPage"],"@id":"https:\/\/www.epopeiastudio.com\/contacto\/","url":"https:\/\/www.epopeiastudio.com\/contacto\/","name":"Contact : Epopeia Studio","isPartOf":{"@id":"https:\/\/www.epopeiastudio.com\/#website"},"datePublished":"2026-02-20T11:53:07+00:00","dateModified":"2026-03-27T08:55:31+00:00","description":"Tell us what part of history you want to reconstruct. We will study your project and advise you without obligation.","breadcrumb":{"@id":"https:\/\/www.epopeiastudio.com\/contacto\/#breadcrumb"},"inLanguage":"en-GB","potentialAction":[{"@type":"ReadAction","target":["https:\/\/www.epopeiastudio.com\/contacto\/"]}]},{"@type":"BreadcrumbList","@id":"https:\/\/www.epopeiastudio.com\/contacto\/#breadcrumb","itemListElement":[{"@type":"ListItem","position":1,"name":"Home","item":"https:\/\/www.epopeiastudio.com\/"},{"@type":"ListItem","position":2,"name":"Contacto | Epopeia Studio"}]},{"@type":"WebSite","@id":"https:\/\/www.epopeiastudio.com\/#website","url":"https:\/\/www.epopeiastudio.com\/","name":"Epopeia Studio","description":"We make history tangible. Audiovisual historical reconstruction with rigour and specialist validation for museums, education and cultural projects.","publisher":{"@id":"https:\/\/www.epopeiastudio.com\/#organization"},"potentialAction":[{"@type":"SearchAction","target":{"@type":"EntryPoint","urlTemplate":"https:\/\/www.epopeiastudio.com\/?s={search_term_string}"},"query-input":{"@type":"PropertyValueSpecification","valueRequired":true,"valueName":"search_term_string"}}],"inLanguage":"en-GB"},{"@type":"Organization","@id":"https:\/\/www.epopeiastudio.com\/#organization","name":"Epopeia Studio","url":"https:\/\/www.epopeiastudio.com\/","logo":{"@type":"ImageObject","inLanguage":"en-GB","@id":"https:\/\/www.epopeiastudio.com\/#\/schema\/logo\/image\/","url":"https:\/\/www.epopeiastudio.com\/wp-content\/uploads\/2026\/02\/logotipo_Epopeia_negro.png","contentUrl":"https:\/\/www.epopeiastudio.com\/wp-content\/uploads\/2026\/02\/logotipo_Epopeia_negro.png","width":168,"height":202,"caption":"Epopeia Studio"},"image":{"@id":"https:\/\/www.epopeiastudio.com\/#\/schema\/logo\/image\/"}}]}},"_links":{"self":[{"href":"https:\/\/www.epopeiastudio.com\/en\/wp-json\/wp\/v2\/pages\/582","targetHints":{"allow":["GET"]}}],"collection":[{"href":"https:\/\/www.epopeiastudio.com\/en\/wp-json\/wp\/v2\/pages"}],"about":[{"href":"https:\/\/www.epopeiastudio.com\/en\/wp-json\/wp\/v2\/types\/page"}],"author":[{"embeddable":true,"href":"https:\/\/www.epopeiastudio.com\/en\/wp-json\/wp\/v2\/users\/1"}],"replies":[{"embeddable":true,"href":"https:\/\/www.epopeiastudio.com\/en\/wp-json\/wp\/v2\/comments?post=582"}],"version-history":[{"count":31,"href":"https:\/\/www.epopeiastudio.com\/en\/wp-json\/wp\/v2\/pages\/582\/revisions"}],"predecessor-version":[{"id":1332,"href":"https:\/\/www.epopeiastudio.com\/en\/wp-json\/wp\/v2\/pages\/582\/revisions\/1332"}],"wp:attachment":[{"href":"https:\/\/www.epopeiastudio.com\/en\/wp-json\/wp\/v2\/media?parent=582"}],"curies":[{"name":"wp","href":"https:\/\/api.w.org\/{rel}","templated":true}]}}