{"id":1076,"date":"2026-03-23T07:45:23","date_gmt":"2026-03-23T07:45:23","guid":{"rendered":"https:\/\/www.epopeiastudio.com\/?page_id=1076"},"modified":"2026-03-26T20:56:06","modified_gmt":"2026-03-26T20:56:06","slug":"blog","status":"publish","type":"page","link":"https:\/\/www.epopeiastudio.com\/en\/blog\/","title":{"rendered":"Blog | Epopeia Studio"},"content":{"rendered":"<p>[et_pb_section fb_built=\u00bb1&#8243; _builder_version=\u00bb4.27.6&#8243; _module_preset=\u00bbdefault\u00bb background_color=\u00bb#000000&#8243; global_colors_info=\u00bb{}\u00bb][et_pb_row _builder_version=\u00bb4.27.6&#8243; _module_preset=\u00bbdefault\u00bb global_colors_info=\u00bb{}\u00bb][et_pb_column type=\u00bb4_4&#8243; _builder_version=\u00bb4.27.6&#8243; _module_preset=\u00bbdefault\u00bb global_colors_info=\u00bb{}\u00bb][et_pb_blog include_categories=\u00bball\u00bb _builder_version=\u00bb4.27.6&#8243; _module_preset=\u00bbdefault\u00bb body_text_color=\u00bb#FFFFFF\u00bb global_colors_info=\u00bb{}\u00bb][\/et_pb_blog][\/et_pb_column][\/et_pb_row][\/et_pb_section]<\/p>\n","protected":false},"excerpt":{"rendered":"","protected":false},"author":1,"featured_media":0,"parent":0,"menu_order":0,"comment_status":"closed","ping_status":"closed","template":"","meta":{"_et_pb_use_builder":"on","_et_pb_old_content":"","_et_gb_content_width":"","footnotes":""},"class_list":["post-1076","page","type-page","status-publish","hentry"],"yoast_head":"<!-- This site is optimized with the Yoast SEO Premium plugin v27.3 (Yoast SEO v27.4) - https:\/\/yoast.com\/product\/yoast-seo-premium-wordpress\/ -->\n<title>Blog | Epopeia Studio<\/title>\n<meta name=\"description\" content=\"Viaja al pasado con el blog de Epopeia Studio sobre reconstrucci\u00f3n hist\u00f3rica. Art\u00edculos con ideas, procesos, ejemplos y uso de tecnolog\u00eda.\" \/>\n<meta name=\"robots\" content=\"index, follow, max-snippet:-1, max-image-preview:large, max-video-preview:-1\" \/>\n<link rel=\"canonical\" href=\"https:\/\/www.epopeiastudio.com\/en\/blog\/\" \/>\n<meta property=\"og:locale\" content=\"en_GB\" \/>\n<meta property=\"og:type\" content=\"article\" \/>\n<meta property=\"og:title\" content=\"Blog | Epopeia Studio\" \/>\n<meta property=\"og:description\" content=\"Viaja al pasado con el blog de Epopeia Studio sobre reconstrucci\u00f3n hist\u00f3rica. Art\u00edculos con ideas, procesos, ejemplos y uso de tecnolog\u00eda.\" \/>\n<meta property=\"og:url\" content=\"https:\/\/www.epopeiastudio.com\/en\/blog\/\" \/>\n<meta property=\"og:site_name\" content=\"Epopeia Studio\" \/>\n<meta property=\"article:modified_time\" content=\"2026-03-26T20:56:06+00:00\" \/>\n<meta name=\"twitter:card\" content=\"summary_large_image\" \/>\n<meta name=\"twitter:label1\" content=\"Estimated reading time\" \/>\n\t<meta name=\"twitter:data1\" content=\"1 minute\" \/>\n<script type=\"application\/ld+json\" class=\"yoast-schema-graph\">{\"@context\":\"https:\\\/\\\/schema.org\",\"@graph\":[{\"@type\":\"WebPage\",\"@id\":\"https:\\\/\\\/www.epopeiastudio.com\\\/blog\\\/\",\"url\":\"https:\\\/\\\/www.epopeiastudio.com\\\/blog\\\/\",\"name\":\"Blog | Epopeia Studio\",\"isPartOf\":{\"@id\":\"https:\\\/\\\/www.epopeiastudio.com\\\/#website\"},\"datePublished\":\"2026-03-23T07:45:23+00:00\",\"dateModified\":\"2026-03-26T20:56:06+00:00\",\"description\":\"Viaja al pasado con el blog de Epopeia Studio sobre reconstrucci\u00f3n hist\u00f3rica. Art\u00edculos con ideas, procesos, ejemplos y uso de tecnolog\u00eda.\",\"breadcrumb\":{\"@id\":\"https:\\\/\\\/www.epopeiastudio.com\\\/blog\\\/#breadcrumb\"},\"inLanguage\":\"en-GB\",\"potentialAction\":[{\"@type\":\"ReadAction\",\"target\":[\"https:\\\/\\\/www.epopeiastudio.com\\\/blog\\\/\"]}]},{\"@type\":\"BreadcrumbList\",\"@id\":\"https:\\\/\\\/www.epopeiastudio.com\\\/blog\\\/#breadcrumb\",\"itemListElement\":[{\"@type\":\"ListItem\",\"position\":1,\"name\":\"Home\",\"item\":\"https:\\\/\\\/www.epopeiastudio.com\\\/\"},{\"@type\":\"ListItem\",\"position\":2,\"name\":\"Blog | Epopeia Studio\"}]},{\"@type\":\"WebSite\",\"@id\":\"https:\\\/\\\/www.epopeiastudio.com\\\/#website\",\"url\":\"https:\\\/\\\/www.epopeiastudio.com\\\/\",\"name\":\"Epopeia Studio\",\"description\":\"Hacemos tangible la historia. Reconstrucci\u00f3n hist\u00f3rica audiovisual con rigor y validaci\u00f3n de especialistas para museos, educaci\u00f3n y proyectos culturales.\",\"publisher\":{\"@id\":\"https:\\\/\\\/www.epopeiastudio.com\\\/#organization\"},\"potentialAction\":[{\"@type\":\"SearchAction\",\"target\":{\"@type\":\"EntryPoint\",\"urlTemplate\":\"https:\\\/\\\/www.epopeiastudio.com\\\/?s={search_term_string}\"},\"query-input\":{\"@type\":\"PropertyValueSpecification\",\"valueRequired\":true,\"valueName\":\"search_term_string\"}}],\"inLanguage\":\"en-GB\"},{\"@type\":\"Organization\",\"@id\":\"https:\\\/\\\/www.epopeiastudio.com\\\/#organization\",\"name\":\"Epopeia Studio\",\"url\":\"https:\\\/\\\/www.epopeiastudio.com\\\/\",\"logo\":{\"@type\":\"ImageObject\",\"inLanguage\":\"en-GB\",\"@id\":\"https:\\\/\\\/www.epopeiastudio.com\\\/#\\\/schema\\\/logo\\\/image\\\/\",\"url\":\"https:\\\/\\\/www.epopeiastudio.com\\\/wp-content\\\/uploads\\\/2026\\\/02\\\/logotipo_Epopeia_negro.png\",\"contentUrl\":\"https:\\\/\\\/www.epopeiastudio.com\\\/wp-content\\\/uploads\\\/2026\\\/02\\\/logotipo_Epopeia_negro.png\",\"width\":168,\"height\":202,\"caption\":\"Epopeia Studio\"},\"image\":{\"@id\":\"https:\\\/\\\/www.epopeiastudio.com\\\/#\\\/schema\\\/logo\\\/image\\\/\"}}]}<\/script>\n<!-- \/ Yoast SEO Premium plugin. -->","yoast_head_json":{"title":"Blog | Epopeia Studio","description":"Travel back in time with Epopeia Studio's blog on historical reconstruction. Articles with ideas, processes, examples and use of technology.","robots":{"index":"index","follow":"follow","max-snippet":"max-snippet:-1","max-image-preview":"max-image-preview:large","max-video-preview":"max-video-preview:-1"},"canonical":"https:\/\/www.epopeiastudio.com\/en\/blog\/","og_locale":"en_GB","og_type":"article","og_title":"Blog | Epopeia Studio","og_description":"Viaja al pasado con el blog de Epopeia Studio sobre reconstrucci\u00f3n hist\u00f3rica. Art\u00edculos con ideas, procesos, ejemplos y uso de tecnolog\u00eda.","og_url":"https:\/\/www.epopeiastudio.com\/en\/blog\/","og_site_name":"Epopeia Studio","article_modified_time":"2026-03-26T20:56:06+00:00","twitter_card":"summary_large_image","twitter_misc":{"Estimated reading time":"1 minute"},"schema":{"@context":"https:\/\/schema.org","@graph":[{"@type":"WebPage","@id":"https:\/\/www.epopeiastudio.com\/blog\/","url":"https:\/\/www.epopeiastudio.com\/blog\/","name":"Blog | Epopeia Studio","isPartOf":{"@id":"https:\/\/www.epopeiastudio.com\/#website"},"datePublished":"2026-03-23T07:45:23+00:00","dateModified":"2026-03-26T20:56:06+00:00","description":"Travel back in time with Epopeia Studio's blog on historical reconstruction. Articles with ideas, processes, examples and use of technology.","breadcrumb":{"@id":"https:\/\/www.epopeiastudio.com\/blog\/#breadcrumb"},"inLanguage":"en-GB","potentialAction":[{"@type":"ReadAction","target":["https:\/\/www.epopeiastudio.com\/blog\/"]}]},{"@type":"BreadcrumbList","@id":"https:\/\/www.epopeiastudio.com\/blog\/#breadcrumb","itemListElement":[{"@type":"ListItem","position":1,"name":"Home","item":"https:\/\/www.epopeiastudio.com\/"},{"@type":"ListItem","position":2,"name":"Blog | Epopeia Studio"}]},{"@type":"WebSite","@id":"https:\/\/www.epopeiastudio.com\/#website","url":"https:\/\/www.epopeiastudio.com\/","name":"Epopeia Studio","description":"We make history tangible. Audiovisual historical reconstruction with rigour and specialist validation for museums, education and cultural projects.","publisher":{"@id":"https:\/\/www.epopeiastudio.com\/#organization"},"potentialAction":[{"@type":"SearchAction","target":{"@type":"EntryPoint","urlTemplate":"https:\/\/www.epopeiastudio.com\/?s={search_term_string}"},"query-input":{"@type":"PropertyValueSpecification","valueRequired":true,"valueName":"search_term_string"}}],"inLanguage":"en-GB"},{"@type":"Organization","@id":"https:\/\/www.epopeiastudio.com\/#organization","name":"Epopeia Studio","url":"https:\/\/www.epopeiastudio.com\/","logo":{"@type":"ImageObject","inLanguage":"en-GB","@id":"https:\/\/www.epopeiastudio.com\/#\/schema\/logo\/image\/","url":"https:\/\/www.epopeiastudio.com\/wp-content\/uploads\/2026\/02\/logotipo_Epopeia_negro.png","contentUrl":"https:\/\/www.epopeiastudio.com\/wp-content\/uploads\/2026\/02\/logotipo_Epopeia_negro.png","width":168,"height":202,"caption":"Epopeia Studio"},"image":{"@id":"https:\/\/www.epopeiastudio.com\/#\/schema\/logo\/image\/"}}]}},"_links":{"self":[{"href":"https:\/\/www.epopeiastudio.com\/en\/wp-json\/wp\/v2\/pages\/1076","targetHints":{"allow":["GET"]}}],"collection":[{"href":"https:\/\/www.epopeiastudio.com\/en\/wp-json\/wp\/v2\/pages"}],"about":[{"href":"https:\/\/www.epopeiastudio.com\/en\/wp-json\/wp\/v2\/types\/page"}],"author":[{"embeddable":true,"href":"https:\/\/www.epopeiastudio.com\/en\/wp-json\/wp\/v2\/users\/1"}],"replies":[{"embeddable":true,"href":"https:\/\/www.epopeiastudio.com\/en\/wp-json\/wp\/v2\/comments?post=1076"}],"version-history":[{"count":12,"href":"https:\/\/www.epopeiastudio.com\/en\/wp-json\/wp\/v2\/pages\/1076\/revisions"}],"predecessor-version":[{"id":1158,"href":"https:\/\/www.epopeiastudio.com\/en\/wp-json\/wp\/v2\/pages\/1076\/revisions\/1158"}],"wp:attachment":[{"href":"https:\/\/www.epopeiastudio.com\/en\/wp-json\/wp\/v2\/media?parent=1076"}],"curies":[{"name":"wp","href":"https:\/\/api.w.org\/{rel}","templated":true}]}}